{"id":17206,"date":"2020-06-23T17:44:23","date_gmt":"2020-06-23T07:44:23","guid":{"rendered":"https:\/\/www.sparklesurprize.com.au\/?post_type=product&#038;p=17206"},"modified":"2022-08-08T15:03:31","modified_gmt":"2022-08-08T05:03:31","slug":"moet-chandon-brut-champagne-750ml-bottle-add-to-any-sparkle-surprize","status":"publish","type":"product","link":"https:\/\/www.devsitepro.com\/sparkle-backup\/shop\/moet-chandon-brut-champagne-750ml-bottle-add-to-any-sparkle-surprize\/","title":{"rendered":"Moet Chandon Brut 750ml"},"content":{"rendered":"<p>Add a delicious bottle of the ever popular Moet Chandon Brut Champagne to any sparkle surprize gift delivery.<\/p>\n<p>Mo\u00ebt &amp; Chandon was established in 1743 and produces around 28 million bottles of champagne a year. The structure of Mo\u00ebt &amp; Chandon Brut Imp\u00e9rial NV is dry and delicate, with notes of lime, rose and smoky aromas &#8211; making it our favourite to go the distance this year.<\/p>\n","protected":false},"excerpt":{"rendered":"<p>Add a bottle of Moet Chandon brut champagne 750ml to any sparkle surprize balloon gift delivery. Must be18 years of age or over to order and to receive.<\/p>\n","protected":false},"featured_media":20724,"template":"","meta":[],"product_brand":[],"product_cat":[340,486],"product_tag":[492,514,517,515,516],"class_list":{"0":"post-17206","1":"product","2":"type-product","3":"status-publish","4":"has-post-thumbnail","6":"product_cat-add-on-gifts","7":"product_cat-alcohol","8":"product_tag-750ml","9":"product_tag-champagne","10":"product_tag-moet-champagne","11":"product_tag-moet-chandon","12":"product_tag-moet-chandon-750ml","14":"first","15":"instock","16":"taxable","17":"shipping-taxable","18":"purchasable","19":"product-type-simple"},"yoast_head":"<!-- This site is optimized with the Yoast SEO plugin v26.9 - https:\/\/yoast.com\/product\/yoast-seo-wordpress\/ -->\n<title>Moet Chandon Brut Champagne 750ml bottle add to any sparkle surprize<\/title>\n<meta name=\"description\" content=\"Moet Chandon Brut Champagne 750ml bottle add to any sparkle surprize balloon gift delivery. Cello wrapped and ready to drink.\" \/>\n<meta name=\"robots\" content=\"index, follow, max-snippet:-1, max-image-preview:large, max-video-preview:-1\" \/>\n<link rel=\"canonical\" href=\"https:\/\/www.devsitepro.com\/sparkle-backup\/shop\/moet-chandon-brut-champagne-750ml-bottle-add-to-any-sparkle-surprize\/\" \/>\n<meta property=\"og:locale\" content=\"en_US\" \/>\n<meta property=\"og:type\" content=\"article\" \/>\n<meta property=\"og:title\" content=\"Moet Chandon Brut Champagne 750ml bottle add to any sparkle surprize\" \/>\n<meta property=\"og:description\" content=\"Moet Chandon Brut Champagne 750ml bottle add to any sparkle surprize balloon gift delivery. Cello wrapped and ready to drink.\" \/>\n<meta property=\"og:url\" content=\"https:\/\/www.devsitepro.com\/sparkle-backup\/shop\/moet-chandon-brut-champagne-750ml-bottle-add-to-any-sparkle-surprize\/\" \/>\n<meta property=\"og:site_name\" content=\"Sparkle Surprize balloon gift delivery\" \/>\n<meta property=\"article:publisher\" content=\"https:\/\/www.facebook.com\/Sparkle-Surpriz\" \/>\n<meta property=\"article:modified_time\" content=\"2022-08-08T05:03:31+00:00\" \/>\n<meta property=\"og:image\" content=\"https:\/\/www.devsitepro.com\/sparkle-backup\/wp-content\/uploads\/2020\/06\/moet-chandon.png\" \/>\n\t<meta property=\"og:image:width\" content=\"1024\" \/>\n\t<meta property=\"og:image:height\" content=\"1024\" \/>\n\t<meta property=\"og:image:type\" content=\"image\/png\" \/>\n<meta name=\"twitter:card\" content=\"summary_large_image\" \/>\n<script type=\"application\/ld+json\" class=\"yoast-schema-graph\">{\"@context\":\"https:\/\/schema.org\",\"@graph\":[{\"@type\":\"WebPage\",\"@id\":\"https:\/\/www.devsitepro.com\/sparkle-backup\/shop\/moet-chandon-brut-champagne-750ml-bottle-add-to-any-sparkle-surprize\/\",\"url\":\"https:\/\/www.devsitepro.com\/sparkle-backup\/shop\/moet-chandon-brut-champagne-750ml-bottle-add-to-any-sparkle-surprize\/\",\"name\":\"Moet Chandon Brut Champagne 750ml bottle add to any sparkle surprize\",\"isPartOf\":{\"@id\":\"https:\/\/www.devsitepro.com\/sparkle-backup\/#website\"},\"primaryImageOfPage\":{\"@id\":\"https:\/\/www.devsitepro.com\/sparkle-backup\/shop\/moet-chandon-brut-champagne-750ml-bottle-add-to-any-sparkle-surprize\/#primaryimage\"},\"image\":{\"@id\":\"https:\/\/www.devsitepro.com\/sparkle-backup\/shop\/moet-chandon-brut-champagne-750ml-bottle-add-to-any-sparkle-surprize\/#primaryimage\"},\"thumbnailUrl\":\"https:\/\/www.devsitepro.com\/sparkle-backup\/wp-content\/uploads\/2020\/06\/moet-chandon.png\",\"datePublished\":\"2020-06-23T07:44:23+00:00\",\"dateModified\":\"2022-08-08T05:03:31+00:00\",\"description\":\"Moet Chandon Brut Champagne 750ml bottle add to any sparkle surprize balloon gift delivery. Cello wrapped and ready to drink.\",\"breadcrumb\":{\"@id\":\"https:\/\/www.devsitepro.com\/sparkle-backup\/shop\/moet-chandon-brut-champagne-750ml-bottle-add-to-any-sparkle-surprize\/#breadcrumb\"},\"inLanguage\":\"en-AU\",\"potentialAction\":[{\"@type\":\"ReadAction\",\"target\":[\"https:\/\/www.devsitepro.com\/sparkle-backup\/shop\/moet-chandon-brut-champagne-750ml-bottle-add-to-any-sparkle-surprize\/\"]}]},{\"@type\":\"ImageObject\",\"inLanguage\":\"en-AU\",\"@id\":\"https:\/\/www.devsitepro.com\/sparkle-backup\/shop\/moet-chandon-brut-champagne-750ml-bottle-add-to-any-sparkle-surprize\/#primaryimage\",\"url\":\"https:\/\/www.devsitepro.com\/sparkle-backup\/wp-content\/uploads\/2020\/06\/moet-chandon.png\",\"contentUrl\":\"https:\/\/www.devsitepro.com\/sparkle-backup\/wp-content\/uploads\/2020\/06\/moet-chandon.png\",\"width\":1024,\"height\":1024,\"caption\":\"moet chandon 750ml\"},{\"@type\":\"BreadcrumbList\",\"@id\":\"https:\/\/www.devsitepro.com\/sparkle-backup\/shop\/moet-chandon-brut-champagne-750ml-bottle-add-to-any-sparkle-surprize\/#breadcrumb\",\"itemListElement\":[{\"@type\":\"ListItem\",\"position\":1,\"name\":\"Home\",\"item\":\"https:\/\/www.devsitepro.com\/sparkle-backup\/\"},{\"@type\":\"ListItem\",\"position\":2,\"name\":\"Shop\",\"item\":\"https:\/\/www.devsitepro.com\/sparkle-backup\/shop\/\"},{\"@type\":\"ListItem\",\"position\":3,\"name\":\"Moet Chandon Brut 750ml\"}]},{\"@type\":\"WebSite\",\"@id\":\"https:\/\/www.devsitepro.com\/sparkle-backup\/#website\",\"url\":\"https:\/\/www.devsitepro.com\/sparkle-backup\/\",\"name\":\"Sparkle Surprize balloon gift delivery\",\"description\":\"Balloon gift deliveries Brisbane &amp; Gold Coast Australia\",\"potentialAction\":[{\"@type\":\"SearchAction\",\"target\":{\"@type\":\"EntryPoint\",\"urlTemplate\":\"https:\/\/www.devsitepro.com\/sparkle-backup\/?s={search_term_string}\"},\"query-input\":{\"@type\":\"PropertyValueSpecification\",\"valueRequired\":true,\"valueName\":\"search_term_string\"}}],\"inLanguage\":\"en-AU\"}]}<\/script>\n<!-- \/ Yoast SEO plugin. -->","yoast_head_json":{"title":"Moet Chandon Brut Champagne 750ml bottle add to any sparkle surprize","description":"Moet Chandon Brut Champagne 750ml bottle add to any sparkle surprize balloon gift delivery. Cello wrapped and ready to drink.","robots":{"index":"index","follow":"follow","max-snippet":"max-snippet:-1","max-image-preview":"max-image-preview:large","max-video-preview":"max-video-preview:-1"},"canonical":"https:\/\/www.devsitepro.com\/sparkle-backup\/shop\/moet-chandon-brut-champagne-750ml-bottle-add-to-any-sparkle-surprize\/","og_locale":"en_US","og_type":"article","og_title":"Moet Chandon Brut Champagne 750ml bottle add to any sparkle surprize","og_description":"Moet Chandon Brut Champagne 750ml bottle add to any sparkle surprize balloon gift delivery. Cello wrapped and ready to drink.","og_url":"https:\/\/www.devsitepro.com\/sparkle-backup\/shop\/moet-chandon-brut-champagne-750ml-bottle-add-to-any-sparkle-surprize\/","og_site_name":"Sparkle Surprize balloon gift delivery","article_publisher":"https:\/\/www.facebook.com\/Sparkle-Surpriz","article_modified_time":"2022-08-08T05:03:31+00:00","og_image":[{"width":1024,"height":1024,"url":"https:\/\/www.devsitepro.com\/sparkle-backup\/wp-content\/uploads\/2020\/06\/moet-chandon.png","type":"image\/png"}],"twitter_card":"summary_large_image","schema":{"@context":"https:\/\/schema.org","@graph":[{"@type":"WebPage","@id":"https:\/\/www.devsitepro.com\/sparkle-backup\/shop\/moet-chandon-brut-champagne-750ml-bottle-add-to-any-sparkle-surprize\/","url":"https:\/\/www.devsitepro.com\/sparkle-backup\/shop\/moet-chandon-brut-champagne-750ml-bottle-add-to-any-sparkle-surprize\/","name":"Moet Chandon Brut Champagne 750ml bottle add to any sparkle surprize","isPartOf":{"@id":"https:\/\/www.devsitepro.com\/sparkle-backup\/#website"},"primaryImageOfPage":{"@id":"https:\/\/www.devsitepro.com\/sparkle-backup\/shop\/moet-chandon-brut-champagne-750ml-bottle-add-to-any-sparkle-surprize\/#primaryimage"},"image":{"@id":"https:\/\/www.devsitepro.com\/sparkle-backup\/shop\/moet-chandon-brut-champagne-750ml-bottle-add-to-any-sparkle-surprize\/#primaryimage"},"thumbnailUrl":"https:\/\/www.devsitepro.com\/sparkle-backup\/wp-content\/uploads\/2020\/06\/moet-chandon.png","datePublished":"2020-06-23T07:44:23+00:00","dateModified":"2022-08-08T05:03:31+00:00","description":"Moet Chandon Brut Champagne 750ml bottle add to any sparkle surprize balloon gift delivery. Cello wrapped and ready to drink.","breadcrumb":{"@id":"https:\/\/www.devsitepro.com\/sparkle-backup\/shop\/moet-chandon-brut-champagne-750ml-bottle-add-to-any-sparkle-surprize\/#breadcrumb"},"inLanguage":"en-AU","potentialAction":[{"@type":"ReadAction","target":["https:\/\/www.devsitepro.com\/sparkle-backup\/shop\/moet-chandon-brut-champagne-750ml-bottle-add-to-any-sparkle-surprize\/"]}]},{"@type":"ImageObject","inLanguage":"en-AU","@id":"https:\/\/www.devsitepro.com\/sparkle-backup\/shop\/moet-chandon-brut-champagne-750ml-bottle-add-to-any-sparkle-surprize\/#primaryimage","url":"https:\/\/www.devsitepro.com\/sparkle-backup\/wp-content\/uploads\/2020\/06\/moet-chandon.png","contentUrl":"https:\/\/www.devsitepro.com\/sparkle-backup\/wp-content\/uploads\/2020\/06\/moet-chandon.png","width":1024,"height":1024,"caption":"moet chandon 750ml"},{"@type":"BreadcrumbList","@id":"https:\/\/www.devsitepro.com\/sparkle-backup\/shop\/moet-chandon-brut-champagne-750ml-bottle-add-to-any-sparkle-surprize\/#breadcrumb","itemListElement":[{"@type":"ListItem","position":1,"name":"Home","item":"https:\/\/www.devsitepro.com\/sparkle-backup\/"},{"@type":"ListItem","position":2,"name":"Shop","item":"https:\/\/www.devsitepro.com\/sparkle-backup\/shop\/"},{"@type":"ListItem","position":3,"name":"Moet Chandon Brut 750ml"}]},{"@type":"WebSite","@id":"https:\/\/www.devsitepro.com\/sparkle-backup\/#website","url":"https:\/\/www.devsitepro.com\/sparkle-backup\/","name":"Sparkle Surprize balloon gift delivery","description":"Balloon gift deliveries Brisbane &amp; Gold Coast Australia","potentialAction":[{"@type":"SearchAction","target":{"@type":"EntryPoint","urlTemplate":"https:\/\/www.devsitepro.com\/sparkle-backup\/?s={search_term_string}"},"query-input":{"@type":"PropertyValueSpecification","valueRequired":true,"valueName":"search_term_string"}}],"inLanguage":"en-AU"}]}},"_links":{"self":[{"href":"https:\/\/www.devsitepro.com\/sparkle-backup\/wp-json\/wp\/v2\/product\/17206","targetHints":{"allow":["GET"]}}],"collection":[{"href":"https:\/\/www.devsitepro.com\/sparkle-backup\/wp-json\/wp\/v2\/product"}],"about":[{"href":"https:\/\/www.devsitepro.com\/sparkle-backup\/wp-json\/wp\/v2\/types\/product"}],"wp:featuredmedia":[{"embeddable":true,"href":"https:\/\/www.devsitepro.com\/sparkle-backup\/wp-json\/wp\/v2\/media\/20724"}],"wp:attachment":[{"href":"https:\/\/www.devsitepro.com\/sparkle-backup\/wp-json\/wp\/v2\/media?parent=17206"}],"wp:term":[{"taxonomy":"product_brand","embeddable":true,"href":"https:\/\/www.devsitepro.com\/sparkle-backup\/wp-json\/wp\/v2\/product_brand?post=17206"},{"taxonomy":"product_cat","embeddable":true,"href":"https:\/\/www.devsitepro.com\/sparkle-backup\/wp-json\/wp\/v2\/product_cat?post=17206"},{"taxonomy":"product_tag","embeddable":true,"href":"https:\/\/www.devsitepro.com\/sparkle-backup\/wp-json\/wp\/v2\/product_tag?post=17206"}],"curies":[{"name":"wp","href":"https:\/\/api.w.org\/{rel}","templated":true}]}}